{"id":3705,"date":"2022-12-08T11:46:24","date_gmt":"2022-12-08T10:46:24","guid":{"rendered":"https:\/\/kancelaria.jesman.pl\/o-nas\/"},"modified":"2024-01-08T09:21:56","modified_gmt":"2024-01-08T08:21:56","slug":"o-nas","status":"publish","type":"page","link":"https:\/\/kancelaria.jesman.pl\/en\/","title":{"rendered":"ABOUT US"},"content":{"rendered":"<div class=\"wpb-content-wrapper\"><p>[vc_row content_placement=&#8221;middle&#8221; css=&#8221;.vc_custom_1702480230031{padding-top: 40px !important;padding-bottom: 0px !important;}&#8221;][vc_column][vc_custom_heading text=&#8221;JE\u015aMAN LEGAL COUNSELS &amp; ADVOCATES&#8221; google_fonts=&#8221;font_family:Montserrat%3Aregular%2C700|font_style:400%20regular%3A400%3Anormal&#8221;][vc_custom_heading text=&#8221;WHAT WE DO ?&#8221; font_container=&#8221;tag:h4|text_align:left&#8221; google_fonts=&#8221;font_family:Montserrat%3Aregular%2C700|font_style:400%20regular%3A400%3Anormal&#8221;][\/vc_column][\/vc_row][vc_row][vc_column width=&#8221;1\/2&#8243;][vc_column_text]Our law firm provides legal services in various areas of commercial and civil law.<\/p>\n<p>In particular, we specialize in:<\/p>\n<ul>\n<li><strong>comprehensive legal advice for business <\/strong><\/li>\n<\/ul>\n<p>We provide effective solutions that enable implementation of the Client&#8217;s vision and guarantee safety. We advise domestic and foreign entrepreneurs. Corporate documentation, contracts and court disputes are our daily work.<\/p>\n<ul>\n<li><strong>conducting court disputes in Swiss franc loans<\/strong><\/li>\n<\/ul>\n<p>We advise and represent Clients in courts in matters relating to: (i) invalidation of loan agreements related to the exchange rate of a foreign currency, especially the Swiss franc, and (ii) refund of overpaid amounts to the bank.<\/p>\n<ul>\n<li><strong>recovering compensations<\/strong><\/li>\n<\/ul>\n<p>We help people injured in accidents in their unequal fight against insurance companies.<\/p>\n<p>We also have unique knowledge, experience and business understanding in projects in the field of <a href=\"https:\/\/oze.jesman.pl\/en\/\"><span style=\"color: #000080;\">Renewable Energy Sources<\/span><\/a> and issues related to the generaction and sale of electricity (also in the project finance financing formula).<\/p>\n<p>Knowledge, professionalism and commitment combined with reasonable costs have allowed us to gain the trust of many satisfied Clients. are the hallmarks of handling each case. We focus on reliability and pragmatic solutions.<\/p>\n<p>Our lawyers speak English fluently.[\/vc_column_text][\/vc_column][vc_column width=&#8221;1\/2&#8243;][vc_single_image image=&#8221;2371&#8243; img_size=&#8221;large&#8221;][\/vc_column][\/vc_row][vc_row el_class=&#8221;bg-color&#8221; css=&#8221;.vc_custom_1480996122849{padding-top: 20px !important;padding-bottom: 20px !important;}&#8221;][vc_column]\n\t<div class=\"row call-to-action \">\n\t\t<div class=\"col-md-8\">\n\t        <h3 class=\"mt10\">JE\u015aMAN LEGAL COUNSELS & ADVOCATES LODZ POLAND<\/h3>\n\t    <\/div>\n\t    <div class=\"col-md-4 text-right\">\n\t    \t<a class=\"btn btn-line-black btn-fx\" href=\"\/en\/contact\" target=\"_self\">CONTACT<\/a>\t    <\/div>\n    <\/div>\n\n[\/vc_column][\/vc_row]<\/p>\n<\/div>","protected":false},"excerpt":{"rendered":"<p>[vc_row content_placement=&#8221;middle&#8221; css=&#8221;.vc_custom_1702480230031{padding-top: 40px !important;padding-bottom: 0px !important;}&#8221;][vc_column][vc_custom_heading text=&#8221;JE\u015aMAN LEGAL COUNSELS &amp; ADVOCATES&#8221; google_fonts=&#8221;font_family:Montserrat%3Aregular%2C700|font_style:400%20regular%3A400%3Anormal&#8221;][vc_custom_heading text=&#8221;WHAT WE DO ?&#8221; font_container=&#8221;tag:h4|text_align:left&#8221; google_fonts=&#8221;font_family:Montserrat%3Aregular%2C700|font_style:400%20regular%3A400%3Anormal&#8221;][\/vc_column][\/vc_row][vc_row][vc_column width=&#8221;1\/2&#8243;][vc_column_text]Our law firm provides legal services in various areas of commercial and civil law. In particular, we specialize in: comprehensive legal advice for business We provide effective solutions that enable implementation of the Client&#8217;s vision and [&hellip;]<\/p>\n","protected":false},"author":1,"featured_media":0,"parent":0,"menu_order":0,"comment_status":"closed","ping_status":"closed","template":"page-templates\/template-fullwidth.php","meta":{"footnotes":""},"class_list":["post-3705","page","type-page","status-publish","hentry"],"yoast_head":"<!-- This site is optimized with the Yoast SEO plugin v26.0 - https:\/\/yoast.com\/wordpress\/plugins\/seo\/ -->\n<title>ABOUT US - Je\u015bman Radcowie Prawni i Adwokaci \u0141\u00f3d\u017a<\/title>\n<meta name=\"robots\" content=\"index, follow, max-snippet:-1, max-image-preview:large, max-video-preview:-1\" \/>\n<link rel=\"canonical\" href=\"https:\/\/kancelaria.jesman.pl\/\" \/>\n<meta property=\"og:locale\" content=\"en_US\" \/>\n<meta property=\"og:type\" content=\"article\" \/>\n<meta property=\"og:title\" content=\"ABOUT US - Je\u015bman Radcowie Prawni i Adwokaci \u0141\u00f3d\u017a\" \/>\n<meta property=\"og:description\" content=\"[vc_row content_placement=&#8221;middle&#8221; css=&#8221;.vc_custom_1702480230031{padding-top: 40px !important;padding-bottom: 0px !important;}&#8221;][vc_column][vc_custom_heading text=&#8221;JE\u015aMAN LEGAL COUNSELS &amp; ADVOCATES&#8221; google_fonts=&#8221;font_family:Montserrat%3Aregular%2C700|font_style:400%20regular%3A400%3Anormal&#8221;][vc_custom_heading text=&#8221;WHAT WE DO ?&#8221; font_container=&#8221;tag:h4|text_align:left&#8221; google_fonts=&#8221;font_family:Montserrat%3Aregular%2C700|font_style:400%20regular%3A400%3Anormal&#8221;][\/vc_column][\/vc_row][vc_row][vc_column width=&#8221;1\/2&#8243;][vc_column_text]Our law firm provides legal services in various areas of commercial and civil law. In particular, we specialize in: comprehensive legal advice for business We provide effective solutions that enable implementation of the Client&#8217;s vision and [&hellip;]\" \/>\n<meta property=\"og:url\" content=\"https:\/\/kancelaria.jesman.pl\/\" \/>\n<meta property=\"og:site_name\" content=\"Je\u015bman Radcowie Prawni i Adwokaci \u0141\u00f3d\u017a\" \/>\n<meta property=\"article:modified_time\" content=\"2024-01-08T08:21:56+00:00\" \/>\n<meta name=\"twitter:card\" content=\"summary_large_image\" \/>\n<meta name=\"twitter:label1\" content=\"Est. reading time\" \/>\n\t<meta name=\"twitter:data1\" content=\"2 minutes\" \/>\n<script type=\"application\/ld+json\" class=\"yoast-schema-graph\">{\"@context\":\"https:\/\/schema.org\",\"@graph\":[{\"@type\":\"WebPage\",\"@id\":\"https:\/\/kancelaria.jesman.pl\/\",\"url\":\"https:\/\/kancelaria.jesman.pl\/\",\"name\":\"ABOUT US - Je\u015bman Radcowie Prawni i Adwokaci \u0141\u00f3d\u017a\",\"isPartOf\":{\"@id\":\"https:\/\/kancelaria.jesman.pl\/#website\"},\"datePublished\":\"2022-12-08T10:46:24+00:00\",\"dateModified\":\"2024-01-08T08:21:56+00:00\",\"breadcrumb\":{\"@id\":\"https:\/\/kancelaria.jesman.pl\/#breadcrumb\"},\"inLanguage\":\"en-US\",\"potentialAction\":[{\"@type\":\"ReadAction\",\"target\":[\"https:\/\/kancelaria.jesman.pl\/\"]}]},{\"@type\":\"BreadcrumbList\",\"@id\":\"https:\/\/kancelaria.jesman.pl\/#breadcrumb\",\"itemListElement\":[{\"@type\":\"ListItem\",\"position\":1,\"name\":\"Strona g\u0142\u00f3wna\",\"item\":\"https:\/\/kancelaria.jesman.pl\/\"},{\"@type\":\"ListItem\",\"position\":2,\"name\":\"ABOUT US\"}]},{\"@type\":\"WebSite\",\"@id\":\"https:\/\/kancelaria.jesman.pl\/#website\",\"url\":\"https:\/\/kancelaria.jesman.pl\/\",\"name\":\"Je\u015bman Radcowie Prawni i Adwokaci \u0141\u00f3d\u017a\",\"description\":\"Kancelaria \u015bwiadczy us\u0142ugi z zakresu szeroko rozumianego prawa gospodarczego i cywilnego.\",\"potentialAction\":[{\"@type\":\"SearchAction\",\"target\":{\"@type\":\"EntryPoint\",\"urlTemplate\":\"https:\/\/kancelaria.jesman.pl\/?s={search_term_string}\"},\"query-input\":{\"@type\":\"PropertyValueSpecification\",\"valueRequired\":true,\"valueName\":\"search_term_string\"}}],\"inLanguage\":\"en-US\"}]}<\/script>\n<!-- \/ Yoast SEO plugin. -->","yoast_head_json":{"title":"ABOUT US - Je\u015bman Radcowie Prawni i Adwokaci \u0141\u00f3d\u017a","robots":{"index":"index","follow":"follow","max-snippet":"max-snippet:-1","max-image-preview":"max-image-preview:large","max-video-preview":"max-video-preview:-1"},"canonical":"https:\/\/kancelaria.jesman.pl\/","og_locale":"en_US","og_type":"article","og_title":"ABOUT US - Je\u015bman Radcowie Prawni i Adwokaci \u0141\u00f3d\u017a","og_description":"[vc_row content_placement=&#8221;middle&#8221; css=&#8221;.vc_custom_1702480230031{padding-top: 40px !important;padding-bottom: 0px !important;}&#8221;][vc_column][vc_custom_heading text=&#8221;JE\u015aMAN LEGAL COUNSELS &amp; ADVOCATES&#8221; google_fonts=&#8221;font_family:Montserrat%3Aregular%2C700|font_style:400%20regular%3A400%3Anormal&#8221;][vc_custom_heading text=&#8221;WHAT WE DO ?&#8221; font_container=&#8221;tag:h4|text_align:left&#8221; google_fonts=&#8221;font_family:Montserrat%3Aregular%2C700|font_style:400%20regular%3A400%3Anormal&#8221;][\/vc_column][\/vc_row][vc_row][vc_column width=&#8221;1\/2&#8243;][vc_column_text]Our law firm provides legal services in various areas of commercial and civil law. In particular, we specialize in: comprehensive legal advice for business We provide effective solutions that enable implementation of the Client&#8217;s vision and [&hellip;]","og_url":"https:\/\/kancelaria.jesman.pl\/","og_site_name":"Je\u015bman Radcowie Prawni i Adwokaci \u0141\u00f3d\u017a","article_modified_time":"2024-01-08T08:21:56+00:00","twitter_card":"summary_large_image","twitter_misc":{"Est. reading time":"2 minutes"},"schema":{"@context":"https:\/\/schema.org","@graph":[{"@type":"WebPage","@id":"https:\/\/kancelaria.jesman.pl\/","url":"https:\/\/kancelaria.jesman.pl\/","name":"ABOUT US - Je\u015bman Radcowie Prawni i Adwokaci \u0141\u00f3d\u017a","isPartOf":{"@id":"https:\/\/kancelaria.jesman.pl\/#website"},"datePublished":"2022-12-08T10:46:24+00:00","dateModified":"2024-01-08T08:21:56+00:00","breadcrumb":{"@id":"https:\/\/kancelaria.jesman.pl\/#breadcrumb"},"inLanguage":"en-US","potentialAction":[{"@type":"ReadAction","target":["https:\/\/kancelaria.jesman.pl\/"]}]},{"@type":"BreadcrumbList","@id":"https:\/\/kancelaria.jesman.pl\/#breadcrumb","itemListElement":[{"@type":"ListItem","position":1,"name":"Strona g\u0142\u00f3wna","item":"https:\/\/kancelaria.jesman.pl\/"},{"@type":"ListItem","position":2,"name":"ABOUT US"}]},{"@type":"WebSite","@id":"https:\/\/kancelaria.jesman.pl\/#website","url":"https:\/\/kancelaria.jesman.pl\/","name":"Je\u015bman Radcowie Prawni i Adwokaci \u0141\u00f3d\u017a","description":"Kancelaria \u015bwiadczy us\u0142ugi z zakresu szeroko rozumianego prawa gospodarczego i cywilnego.","potentialAction":[{"@type":"SearchAction","target":{"@type":"EntryPoint","urlTemplate":"https:\/\/kancelaria.jesman.pl\/?s={search_term_string}"},"query-input":{"@type":"PropertyValueSpecification","valueRequired":true,"valueName":"search_term_string"}}],"inLanguage":"en-US"}]}},"_links":{"self":[{"href":"https:\/\/kancelaria.jesman.pl\/en\/wp-json\/wp\/v2\/pages\/3705","targetHints":{"allow":["GET"]}}],"collection":[{"href":"https:\/\/kancelaria.jesman.pl\/en\/wp-json\/wp\/v2\/pages"}],"about":[{"href":"https:\/\/kancelaria.jesman.pl\/en\/wp-json\/wp\/v2\/types\/page"}],"author":[{"embeddable":true,"href":"https:\/\/kancelaria.jesman.pl\/en\/wp-json\/wp\/v2\/users\/1"}],"replies":[{"embeddable":true,"href":"https:\/\/kancelaria.jesman.pl\/en\/wp-json\/wp\/v2\/comments?post=3705"}],"version-history":[{"count":11,"href":"https:\/\/kancelaria.jesman.pl\/en\/wp-json\/wp\/v2\/pages\/3705\/revisions"}],"predecessor-version":[{"id":3746,"href":"https:\/\/kancelaria.jesman.pl\/en\/wp-json\/wp\/v2\/pages\/3705\/revisions\/3746"}],"wp:attachment":[{"href":"https:\/\/kancelaria.jesman.pl\/en\/wp-json\/wp\/v2\/media?parent=3705"}],"curies":[{"name":"wp","href":"https:\/\/api.w.org\/{rel}","templated":true}]}}