{"id":3738,"date":"2023-01-18T14:28:31","date_gmt":"2023-01-18T13:28:31","guid":{"rendered":"https:\/\/kancelaria.jesman.pl\/sprawy-frankowe\/"},"modified":"2024-01-08T09:19:20","modified_gmt":"2024-01-08T08:19:20","slug":"swiss-franc-disputes","status":"publish","type":"page","link":"https:\/\/kancelaria.jesman.pl\/en\/swiss-franc-disputes\/","title":{"rendered":"SWISS FRANC DISPUTES"},"content":{"rendered":"<div class=\"wpb-content-wrapper\"><p>[vc_row content_placement=&#8221;middle&#8221; css=&#8221;.vc_custom_1702480230031{padding-top: 40px !important;padding-bottom: 0px !important;}&#8221;][vc_column][vc_custom_heading text=&#8221;JE\u015aMAN LEGAL COUNSELS &amp; ADVOCATES&#8221; google_fonts=&#8221;font_family:Montserrat%3Aregular%2C700|font_style:400%20regular%3A400%3Anormal&#8221;][vc_custom_heading text=&#8221;SWISS FRANC DISPUTES&#8221; font_container=&#8221;tag:h4|text_align:left&#8221; google_fonts=&#8221;font_family:Montserrat%3Aregular%2C700|font_style:400%20regular%3A400%3Anormal&#8221;][\/vc_column][\/vc_row][vc_row][vc_column width=&#8221;1\/2&#8243;][vc_column_text]Our team includes experts specializing in conducting court cases against banks for claims arising from facility agreements related to the exchange rate of a foreign currency, especially the Swiss franc.<\/p>\n<p><strong>If you have a loan in Swiss francs take advantage of our help! <\/strong><\/p>\n<p>Contact us and we will check whether your contract qualifies for cancellation!<\/p>\n<p>Send your contract for free analysis: <a href=\"mailto:kancelaria@jesman.pl\">kancelaria@jesman.pl<\/a><\/p>\n<p><strong>Cancellation of the facility agreement<\/strong> is currently seen as the best solution. The loan agreement is considered null and void, and the borrower can return to normal life and start a new chapter without a loan.<\/p>\n<p><strong>Securing the claim.<\/strong> Already at the stage of a lawsuit against the bank, we recommend submitting an application for injunction\/security. As a result, the borrower may be exempt from paying loan installments.<\/p>\n<p>Many loan agreements concluded in CHF <strong>have<\/strong> <strong>already been repaid<\/strong> by borrowers. In the case of overpaid capital, we recover the funds from the bank along with interest!<\/p>\n<p>After the successful completion of the court case, we offer assistance in settlements with the bank and help in deleting the mortgage.[\/vc_column_text][\/vc_column][vc_column width=&#8221;1\/2&#8243;][vc_single_image image=&#8221;2381&#8243; img_size=&#8221;400&#8243;][\/vc_column][\/vc_row][vc_row el_class=&#8221;bg-color&#8221; css=&#8221;.vc_custom_1480996122849{padding-top: 20px !important;padding-bottom: 20px !important;}&#8221;][vc_column]\n\t<div class=\"row call-to-action \">\n\t\t<div class=\"col-md-8\">\n\t        <h3 class=\"mt10\">JE\u015aMAN LEGAL COUNSELS & ADVOCATES - LODZ POLAND<\/h3>\n\t    <\/div>\n\t    <div class=\"col-md-4 text-right\">\n\t    \t<a class=\"btn btn-line-black btn-fx\" href=\"\/en\/contact\" target=\"_self\">CONTACT<\/a>\t    <\/div>\n    <\/div>\n\n[\/vc_column][\/vc_row]<\/p>\n<\/div>","protected":false},"excerpt":{"rendered":"<p>[vc_row content_placement=&#8221;middle&#8221; css=&#8221;.vc_custom_1702480230031{padding-top: 40px !important;padding-bottom: 0px !important;}&#8221;][vc_column][vc_custom_heading text=&#8221;JE\u015aMAN LEGAL COUNSELS &amp; ADVOCATES&#8221; google_fonts=&#8221;font_family:Montserrat%3Aregular%2C700|font_style:400%20regular%3A400%3Anormal&#8221;][vc_custom_heading text=&#8221;SWISS FRANC DISPUTES&#8221; font_container=&#8221;tag:h4|text_align:left&#8221; google_fonts=&#8221;font_family:Montserrat%3Aregular%2C700|font_style:400%20regular%3A400%3Anormal&#8221;][\/vc_column][\/vc_row][vc_row][vc_column width=&#8221;1\/2&#8243;][vc_column_text]Our team includes experts specializing in conducting court cases against banks for claims arising from facility agreements related to the exchange rate of a foreign currency, especially the Swiss franc. If you have a loan in Swiss [&hellip;]<\/p>\n","protected":false},"author":1,"featured_media":0,"parent":0,"menu_order":0,"comment_status":"closed","ping_status":"closed","template":"page-templates\/template-fullwidth.php","meta":{"footnotes":""},"class_list":["post-3738","page","type-page","status-publish","hentry"],"yoast_head":"<!-- This site is optimized with the Yoast SEO plugin v26.0 - https:\/\/yoast.com\/wordpress\/plugins\/seo\/ -->\n<title>SWISS FRANC DISPUTES - Je\u015bman Radcowie Prawni i Adwokaci \u0141\u00f3d\u017a<\/title>\n<meta name=\"robots\" content=\"index, follow, max-snippet:-1, max-image-preview:large, max-video-preview:-1\" \/>\n<link rel=\"canonical\" href=\"https:\/\/kancelaria.jesman.pl\/sprawy-frankowe\/\" \/>\n<meta property=\"og:locale\" content=\"en_US\" \/>\n<meta property=\"og:type\" content=\"article\" \/>\n<meta property=\"og:title\" content=\"SWISS FRANC DISPUTES - Je\u015bman Radcowie Prawni i Adwokaci \u0141\u00f3d\u017a\" \/>\n<meta property=\"og:description\" content=\"[vc_row content_placement=&#8221;middle&#8221; css=&#8221;.vc_custom_1702480230031{padding-top: 40px !important;padding-bottom: 0px !important;}&#8221;][vc_column][vc_custom_heading text=&#8221;JE\u015aMAN LEGAL COUNSELS &amp; ADVOCATES&#8221; google_fonts=&#8221;font_family:Montserrat%3Aregular%2C700|font_style:400%20regular%3A400%3Anormal&#8221;][vc_custom_heading text=&#8221;SWISS FRANC DISPUTES&#8221; font_container=&#8221;tag:h4|text_align:left&#8221; google_fonts=&#8221;font_family:Montserrat%3Aregular%2C700|font_style:400%20regular%3A400%3Anormal&#8221;][\/vc_column][\/vc_row][vc_row][vc_column width=&#8221;1\/2&#8243;][vc_column_text]Our team includes experts specializing in conducting court cases against banks for claims arising from facility agreements related to the exchange rate of a foreign currency, especially the Swiss franc. If you have a loan in Swiss [&hellip;]\" \/>\n<meta property=\"og:url\" content=\"https:\/\/kancelaria.jesman.pl\/sprawy-frankowe\/\" \/>\n<meta property=\"og:site_name\" content=\"Je\u015bman Radcowie Prawni i Adwokaci \u0141\u00f3d\u017a\" \/>\n<meta property=\"article:modified_time\" content=\"2024-01-08T08:19:20+00:00\" \/>\n<meta name=\"twitter:card\" content=\"summary_large_image\" \/>\n<meta name=\"twitter:label1\" content=\"Est. reading time\" \/>\n\t<meta name=\"twitter:data1\" content=\"2 minutes\" \/>\n<script type=\"application\/ld+json\" class=\"yoast-schema-graph\">{\"@context\":\"https:\/\/schema.org\",\"@graph\":[{\"@type\":\"WebPage\",\"@id\":\"https:\/\/kancelaria.jesman.pl\/sprawy-frankowe\/\",\"url\":\"https:\/\/kancelaria.jesman.pl\/sprawy-frankowe\/\",\"name\":\"SWISS FRANC DISPUTES - Je\u015bman Radcowie Prawni i Adwokaci \u0141\u00f3d\u017a\",\"isPartOf\":{\"@id\":\"https:\/\/kancelaria.jesman.pl\/#website\"},\"datePublished\":\"2023-01-18T13:28:31+00:00\",\"dateModified\":\"2024-01-08T08:19:20+00:00\",\"breadcrumb\":{\"@id\":\"https:\/\/kancelaria.jesman.pl\/sprawy-frankowe\/#breadcrumb\"},\"inLanguage\":\"en-US\",\"potentialAction\":[{\"@type\":\"ReadAction\",\"target\":[\"https:\/\/kancelaria.jesman.pl\/sprawy-frankowe\/\"]}]},{\"@type\":\"BreadcrumbList\",\"@id\":\"https:\/\/kancelaria.jesman.pl\/sprawy-frankowe\/#breadcrumb\",\"itemListElement\":[{\"@type\":\"ListItem\",\"position\":1,\"name\":\"Strona g\u0142\u00f3wna\",\"item\":\"https:\/\/kancelaria.jesman.pl\/\"},{\"@type\":\"ListItem\",\"position\":2,\"name\":\"SWISS FRANC DISPUTES\"}]},{\"@type\":\"WebSite\",\"@id\":\"https:\/\/kancelaria.jesman.pl\/#website\",\"url\":\"https:\/\/kancelaria.jesman.pl\/\",\"name\":\"Je\u015bman Radcowie Prawni i Adwokaci \u0141\u00f3d\u017a\",\"description\":\"Kancelaria \u015bwiadczy us\u0142ugi z zakresu szeroko rozumianego prawa gospodarczego i cywilnego.\",\"potentialAction\":[{\"@type\":\"SearchAction\",\"target\":{\"@type\":\"EntryPoint\",\"urlTemplate\":\"https:\/\/kancelaria.jesman.pl\/?s={search_term_string}\"},\"query-input\":{\"@type\":\"PropertyValueSpecification\",\"valueRequired\":true,\"valueName\":\"search_term_string\"}}],\"inLanguage\":\"en-US\"}]}<\/script>\n<!-- \/ Yoast SEO plugin. -->","yoast_head_json":{"title":"SWISS FRANC DISPUTES - Je\u015bman Radcowie Prawni i Adwokaci \u0141\u00f3d\u017a","robots":{"index":"index","follow":"follow","max-snippet":"max-snippet:-1","max-image-preview":"max-image-preview:large","max-video-preview":"max-video-preview:-1"},"canonical":"https:\/\/kancelaria.jesman.pl\/sprawy-frankowe\/","og_locale":"en_US","og_type":"article","og_title":"SWISS FRANC DISPUTES - Je\u015bman Radcowie Prawni i Adwokaci \u0141\u00f3d\u017a","og_description":"[vc_row content_placement=&#8221;middle&#8221; css=&#8221;.vc_custom_1702480230031{padding-top: 40px !important;padding-bottom: 0px !important;}&#8221;][vc_column][vc_custom_heading text=&#8221;JE\u015aMAN LEGAL COUNSELS &amp; ADVOCATES&#8221; google_fonts=&#8221;font_family:Montserrat%3Aregular%2C700|font_style:400%20regular%3A400%3Anormal&#8221;][vc_custom_heading text=&#8221;SWISS FRANC DISPUTES&#8221; font_container=&#8221;tag:h4|text_align:left&#8221; google_fonts=&#8221;font_family:Montserrat%3Aregular%2C700|font_style:400%20regular%3A400%3Anormal&#8221;][\/vc_column][\/vc_row][vc_row][vc_column width=&#8221;1\/2&#8243;][vc_column_text]Our team includes experts specializing in conducting court cases against banks for claims arising from facility agreements related to the exchange rate of a foreign currency, especially the Swiss franc. If you have a loan in Swiss [&hellip;]","og_url":"https:\/\/kancelaria.jesman.pl\/sprawy-frankowe\/","og_site_name":"Je\u015bman Radcowie Prawni i Adwokaci \u0141\u00f3d\u017a","article_modified_time":"2024-01-08T08:19:20+00:00","twitter_card":"summary_large_image","twitter_misc":{"Est. reading time":"2 minutes"},"schema":{"@context":"https:\/\/schema.org","@graph":[{"@type":"WebPage","@id":"https:\/\/kancelaria.jesman.pl\/sprawy-frankowe\/","url":"https:\/\/kancelaria.jesman.pl\/sprawy-frankowe\/","name":"SWISS FRANC DISPUTES - Je\u015bman Radcowie Prawni i Adwokaci \u0141\u00f3d\u017a","isPartOf":{"@id":"https:\/\/kancelaria.jesman.pl\/#website"},"datePublished":"2023-01-18T13:28:31+00:00","dateModified":"2024-01-08T08:19:20+00:00","breadcrumb":{"@id":"https:\/\/kancelaria.jesman.pl\/sprawy-frankowe\/#breadcrumb"},"inLanguage":"en-US","potentialAction":[{"@type":"ReadAction","target":["https:\/\/kancelaria.jesman.pl\/sprawy-frankowe\/"]}]},{"@type":"BreadcrumbList","@id":"https:\/\/kancelaria.jesman.pl\/sprawy-frankowe\/#breadcrumb","itemListElement":[{"@type":"ListItem","position":1,"name":"Strona g\u0142\u00f3wna","item":"https:\/\/kancelaria.jesman.pl\/"},{"@type":"ListItem","position":2,"name":"SWISS FRANC DISPUTES"}]},{"@type":"WebSite","@id":"https:\/\/kancelaria.jesman.pl\/#website","url":"https:\/\/kancelaria.jesman.pl\/","name":"Je\u015bman Radcowie Prawni i Adwokaci \u0141\u00f3d\u017a","description":"Kancelaria \u015bwiadczy us\u0142ugi z zakresu szeroko rozumianego prawa gospodarczego i cywilnego.","potentialAction":[{"@type":"SearchAction","target":{"@type":"EntryPoint","urlTemplate":"https:\/\/kancelaria.jesman.pl\/?s={search_term_string}"},"query-input":{"@type":"PropertyValueSpecification","valueRequired":true,"valueName":"search_term_string"}}],"inLanguage":"en-US"}]}},"_links":{"self":[{"href":"https:\/\/kancelaria.jesman.pl\/en\/wp-json\/wp\/v2\/pages\/3738","targetHints":{"allow":["GET"]}}],"collection":[{"href":"https:\/\/kancelaria.jesman.pl\/en\/wp-json\/wp\/v2\/pages"}],"about":[{"href":"https:\/\/kancelaria.jesman.pl\/en\/wp-json\/wp\/v2\/types\/page"}],"author":[{"embeddable":true,"href":"https:\/\/kancelaria.jesman.pl\/en\/wp-json\/wp\/v2\/users\/1"}],"replies":[{"embeddable":true,"href":"https:\/\/kancelaria.jesman.pl\/en\/wp-json\/wp\/v2\/comments?post=3738"}],"version-history":[{"count":3,"href":"https:\/\/kancelaria.jesman.pl\/en\/wp-json\/wp\/v2\/pages\/3738\/revisions"}],"predecessor-version":[{"id":3741,"href":"https:\/\/kancelaria.jesman.pl\/en\/wp-json\/wp\/v2\/pages\/3738\/revisions\/3741"}],"wp:attachment":[{"href":"https:\/\/kancelaria.jesman.pl\/en\/wp-json\/wp\/v2\/media?parent=3738"}],"curies":[{"name":"wp","href":"https:\/\/api.w.org\/{rel}","templated":true}]}}