{"id":3751,"date":"2016-12-05T04:56:01","date_gmt":"2016-12-05T03:56:01","guid":{"rendered":"https:\/\/kancelaria.jesman.pl\/kontakt\/"},"modified":"2024-01-08T09:28:30","modified_gmt":"2024-01-08T08:28:30","slug":"contact","status":"publish","type":"page","link":"https:\/\/kancelaria.jesman.pl\/en\/contact\/","title":{"rendered":"CONTACT"},"content":{"rendered":"<div class=\"wpb-content-wrapper\"><p>[vc_row css=&#8221;.vc_custom_1703244017800{padding-bottom: -20px !important;}&#8221;][vc_column][vc_custom_heading text=&#8221;JE\u015aMAN LEGAL COUNSELS &amp; ADVOCATES&#8221; google_fonts=&#8221;font_family:Montserrat%3Aregular%2C700|font_style:400%20regular%3A400%3Anormal&#8221;][\/vc_column][\/vc_row][vc_row][vc_column offset=&#8221;vc_col-md-12&#8243;]\t<div class=\"de_tab tab_style_2\">\n\t\t        <div class=\"de_tab_content tc_style-1\">\n        \t            <div id=\"tab0\">\n                <div class=\"row\">\n                    <div class=\"col-md-6\">\n                    \t<iframe loading=\"lazy\" src=\"https:\/\/www.google.com\/maps\/embed\/v1\/place?q=Piotrkowska+116,+\u0141\u00f3d\u017a,+Polska&key=AIzaSyBFw0Qbyq9zTFTd-tUY6dZWTgaQzuU17R8\" width=\"100%\" height=\"380\" frameborder=\"0\" style=\"border: 0\" allowfullscreen><\/iframe>                    <\/div>\n                    <div class=\"col-md-6\">\n                    \t<address class=\"address-style-2\">\n<span><strong>Adres:<\/strong>Piotrkowska 116, building 5, 90-006 Lodz, Poland <\/span>\n<span><strong>Phone:<\/strong>+48 42 307 40 55, +48 575 388 104 <\/span>\n<span><strong>Email:<\/strong><a href=\"mailto:kancelaria@jesman.pl\">kancelaria@jesman.pl<\/a><\/span>\n<span><strong>Website:<\/strong><a href=\"https:\/\/kancelaria.jesman.pl\/\">https:\/\/kancelaria.jesman.pl\/<\/a><\/span>\n<\/address>                    <\/div>\n                <\/div>\n            <\/div>\n                    <\/div>\n    <\/div>\n\n[vc_empty_space height=&#8221;10px&#8221;][\/vc_column][\/vc_row]<\/p>\n<\/div>","protected":false},"excerpt":{"rendered":"<p>[vc_row css=&#8221;.vc_custom_1703244017800{padding-bottom: -20px !important;}&#8221;][vc_column][vc_custom_heading text=&#8221;JE\u015aMAN LEGAL COUNSELS &amp; ADVOCATES&#8221; google_fonts=&#8221;font_family:Montserrat%3Aregular%2C700|font_style:400%20regular%3A400%3Anormal&#8221;][\/vc_column][\/vc_row][vc_row][vc_column offset=&#8221;vc_col-md-12&#8243;][vc_empty_space height=&#8221;10px&#8221;][\/vc_column][\/vc_row]<\/p>\n","protected":false},"author":1,"featured_media":0,"parent":0,"menu_order":0,"comment_status":"closed","ping_status":"closed","template":"page-templates\/template-fullwidth.php","meta":{"footnotes":""},"class_list":["post-3751","page","type-page","status-publish","hentry"],"yoast_head":"<!-- This site is optimized with the Yoast SEO plugin v26.0 - https:\/\/yoast.com\/wordpress\/plugins\/seo\/ -->\n<title>CONTACT - Je\u015bman Radcowie Prawni i Adwokaci \u0141\u00f3d\u017a<\/title>\n<meta name=\"robots\" content=\"index, follow, max-snippet:-1, max-image-preview:large, max-video-preview:-1\" \/>\n<link rel=\"canonical\" href=\"https:\/\/kancelaria.jesman.pl\/kontakt\/\" \/>\n<meta property=\"og:locale\" content=\"en_US\" \/>\n<meta property=\"og:type\" content=\"article\" \/>\n<meta property=\"og:title\" content=\"CONTACT - Je\u015bman Radcowie Prawni i Adwokaci \u0141\u00f3d\u017a\" \/>\n<meta property=\"og:description\" content=\"[vc_row css=&#8221;.vc_custom_1703244017800{padding-bottom: -20px !important;}&#8221;][vc_column][vc_custom_heading text=&#8221;JE\u015aMAN LEGAL COUNSELS &amp; ADVOCATES&#8221; google_fonts=&#8221;font_family:Montserrat%3Aregular%2C700|font_style:400%20regular%3A400%3Anormal&#8221;][\/vc_column][\/vc_row][vc_row][vc_column offset=&#8221;vc_col-md-12&#8243;][vc_empty_space height=&#8221;10px&#8221;][\/vc_column][\/vc_row]\" \/>\n<meta property=\"og:url\" content=\"https:\/\/kancelaria.jesman.pl\/kontakt\/\" \/>\n<meta property=\"og:site_name\" content=\"Je\u015bman Radcowie Prawni i Adwokaci \u0141\u00f3d\u017a\" \/>\n<meta property=\"article:modified_time\" content=\"2024-01-08T08:28:30+00:00\" \/>\n<meta name=\"twitter:card\" content=\"summary_large_image\" \/>\n<meta name=\"twitter:label1\" content=\"Est. reading time\" \/>\n\t<meta name=\"twitter:data1\" content=\"1 minute\" \/>\n<script type=\"application\/ld+json\" class=\"yoast-schema-graph\">{\"@context\":\"https:\/\/schema.org\",\"@graph\":[{\"@type\":\"WebPage\",\"@id\":\"https:\/\/kancelaria.jesman.pl\/kontakt\/\",\"url\":\"https:\/\/kancelaria.jesman.pl\/kontakt\/\",\"name\":\"CONTACT - Je\u015bman Radcowie Prawni i Adwokaci \u0141\u00f3d\u017a\",\"isPartOf\":{\"@id\":\"https:\/\/kancelaria.jesman.pl\/#website\"},\"datePublished\":\"2016-12-05T03:56:01+00:00\",\"dateModified\":\"2024-01-08T08:28:30+00:00\",\"breadcrumb\":{\"@id\":\"https:\/\/kancelaria.jesman.pl\/kontakt\/#breadcrumb\"},\"inLanguage\":\"en-US\",\"potentialAction\":[{\"@type\":\"ReadAction\",\"target\":[\"https:\/\/kancelaria.jesman.pl\/kontakt\/\"]}]},{\"@type\":\"BreadcrumbList\",\"@id\":\"https:\/\/kancelaria.jesman.pl\/kontakt\/#breadcrumb\",\"itemListElement\":[{\"@type\":\"ListItem\",\"position\":1,\"name\":\"Strona g\u0142\u00f3wna\",\"item\":\"https:\/\/kancelaria.jesman.pl\/\"},{\"@type\":\"ListItem\",\"position\":2,\"name\":\"CONTACT\"}]},{\"@type\":\"WebSite\",\"@id\":\"https:\/\/kancelaria.jesman.pl\/#website\",\"url\":\"https:\/\/kancelaria.jesman.pl\/\",\"name\":\"Je\u015bman Radcowie Prawni i Adwokaci \u0141\u00f3d\u017a\",\"description\":\"Kancelaria \u015bwiadczy us\u0142ugi z zakresu szeroko rozumianego prawa gospodarczego i cywilnego.\",\"potentialAction\":[{\"@type\":\"SearchAction\",\"target\":{\"@type\":\"EntryPoint\",\"urlTemplate\":\"https:\/\/kancelaria.jesman.pl\/?s={search_term_string}\"},\"query-input\":{\"@type\":\"PropertyValueSpecification\",\"valueRequired\":true,\"valueName\":\"search_term_string\"}}],\"inLanguage\":\"en-US\"}]}<\/script>\n<!-- \/ Yoast SEO plugin. -->","yoast_head_json":{"title":"CONTACT - Je\u015bman Radcowie Prawni i Adwokaci \u0141\u00f3d\u017a","robots":{"index":"index","follow":"follow","max-snippet":"max-snippet:-1","max-image-preview":"max-image-preview:large","max-video-preview":"max-video-preview:-1"},"canonical":"https:\/\/kancelaria.jesman.pl\/kontakt\/","og_locale":"en_US","og_type":"article","og_title":"CONTACT - Je\u015bman Radcowie Prawni i Adwokaci \u0141\u00f3d\u017a","og_description":"[vc_row css=&#8221;.vc_custom_1703244017800{padding-bottom: -20px !important;}&#8221;][vc_column][vc_custom_heading text=&#8221;JE\u015aMAN LEGAL COUNSELS &amp; ADVOCATES&#8221; google_fonts=&#8221;font_family:Montserrat%3Aregular%2C700|font_style:400%20regular%3A400%3Anormal&#8221;][\/vc_column][\/vc_row][vc_row][vc_column offset=&#8221;vc_col-md-12&#8243;][vc_empty_space height=&#8221;10px&#8221;][\/vc_column][\/vc_row]","og_url":"https:\/\/kancelaria.jesman.pl\/kontakt\/","og_site_name":"Je\u015bman Radcowie Prawni i Adwokaci \u0141\u00f3d\u017a","article_modified_time":"2024-01-08T08:28:30+00:00","twitter_card":"summary_large_image","twitter_misc":{"Est. reading time":"1 minute"},"schema":{"@context":"https:\/\/schema.org","@graph":[{"@type":"WebPage","@id":"https:\/\/kancelaria.jesman.pl\/kontakt\/","url":"https:\/\/kancelaria.jesman.pl\/kontakt\/","name":"CONTACT - Je\u015bman Radcowie Prawni i Adwokaci \u0141\u00f3d\u017a","isPartOf":{"@id":"https:\/\/kancelaria.jesman.pl\/#website"},"datePublished":"2016-12-05T03:56:01+00:00","dateModified":"2024-01-08T08:28:30+00:00","breadcrumb":{"@id":"https:\/\/kancelaria.jesman.pl\/kontakt\/#breadcrumb"},"inLanguage":"en-US","potentialAction":[{"@type":"ReadAction","target":["https:\/\/kancelaria.jesman.pl\/kontakt\/"]}]},{"@type":"BreadcrumbList","@id":"https:\/\/kancelaria.jesman.pl\/kontakt\/#breadcrumb","itemListElement":[{"@type":"ListItem","position":1,"name":"Strona g\u0142\u00f3wna","item":"https:\/\/kancelaria.jesman.pl\/"},{"@type":"ListItem","position":2,"name":"CONTACT"}]},{"@type":"WebSite","@id":"https:\/\/kancelaria.jesman.pl\/#website","url":"https:\/\/kancelaria.jesman.pl\/","name":"Je\u015bman Radcowie Prawni i Adwokaci \u0141\u00f3d\u017a","description":"Kancelaria \u015bwiadczy us\u0142ugi z zakresu szeroko rozumianego prawa gospodarczego i cywilnego.","potentialAction":[{"@type":"SearchAction","target":{"@type":"EntryPoint","urlTemplate":"https:\/\/kancelaria.jesman.pl\/?s={search_term_string}"},"query-input":{"@type":"PropertyValueSpecification","valueRequired":true,"valueName":"search_term_string"}}],"inLanguage":"en-US"}]}},"_links":{"self":[{"href":"https:\/\/kancelaria.jesman.pl\/en\/wp-json\/wp\/v2\/pages\/3751","targetHints":{"allow":["GET"]}}],"collection":[{"href":"https:\/\/kancelaria.jesman.pl\/en\/wp-json\/wp\/v2\/pages"}],"about":[{"href":"https:\/\/kancelaria.jesman.pl\/en\/wp-json\/wp\/v2\/types\/page"}],"author":[{"embeddable":true,"href":"https:\/\/kancelaria.jesman.pl\/en\/wp-json\/wp\/v2\/users\/1"}],"replies":[{"embeddable":true,"href":"https:\/\/kancelaria.jesman.pl\/en\/wp-json\/wp\/v2\/comments?post=3751"}],"version-history":[{"count":4,"href":"https:\/\/kancelaria.jesman.pl\/en\/wp-json\/wp\/v2\/pages\/3751\/revisions"}],"predecessor-version":[{"id":3755,"href":"https:\/\/kancelaria.jesman.pl\/en\/wp-json\/wp\/v2\/pages\/3751\/revisions\/3755"}],"wp:attachment":[{"href":"https:\/\/kancelaria.jesman.pl\/en\/wp-json\/wp\/v2\/media?parent=3751"}],"curies":[{"name":"wp","href":"https:\/\/api.w.org\/{rel}","templated":true}]}}